{"id":3,"date":"2024-07-05T10:40:28","date_gmt":"2024-07-05T10:40:28","guid":{"rendered":"https:\/\/studiolegale360.com\/torino\/?page_id=3"},"modified":"2024-07-29T11:57:12","modified_gmt":"2024-07-29T11:57:12","slug":"privacy-policy","status":"publish","type":"page","link":"https:\/\/studiolegale360.com\/torino\/privacy-policy\/","title":{"rendered":"Privacy Policy"},"content":{"rendered":"<h2 style=\"text-align: left;\"><strong>Informativa sul trattamento dei dati personali ex artt. 13-14 Reg.to UE 2016\/679<\/strong><\/h2>\n<h3 style=\"text-align: left;\">A chi si rivolge questo documento : Navigatori Sito Internet.<\/h3>\n<p style=\"text-align: justify;\">Gubitosa Pierfranco, nella qualit\u00e0 di Titolare del trattamento dei Suoi dati personali, ai sensi e per gli effetti del Reg.to UE 2016\/679 di seguito \u2018GDPR\u2019, con la presente, La informa che la citata normativa prevede la tutela degli interessati rispetto al trattamento dei dati personali e che tale trattamento sar\u00e0 improntato ai principi di correttezza, liceit\u00e0, trasparenza e di tutela della Sua riservatezza e dei Suoi diritti.<br \/>I Suoi dati personali verranno trattati in accordo alle disposizioni legislative della normativa sopra richiamata e degli obblighi di riservatezza ivi previsti.<\/p>\n<h3 style=\"text-align: justify;\"><strong>Finalit\u00e0 di trattamento<\/strong><\/h3>\n<p style=\"text-align: justify;\">I Suoi dati verranno trattati per le seguenti finalit\u00e0 connesse all\u2019attuazione di adempimenti relativi ad obblighi legislativi o contrattuali:<\/p>\n<ul style=\"text-align: justify;\">\n<li>Accesso tecnico e Funzionale al Sito nessun dato viene tenuto dopo la chiusura del Browser<\/li>\n<li>Finalit\u00e0 di navigazione Evoluta o gestione dei contenuti personalizzata<\/li>\n<li>Finalit\u00e0 Statistica e di Analisi della navigazione e degli utenti<\/li>\n<\/ul>\n<p style=\"text-align: justify;\">Il trattamento dei dati per l\u2019espletamento di tali obblighi \u00e8 necessario per una corretta gestione del rapporto e il loro conferimento \u00e8 obbligatorio per attuare le finalit\u00e0 sopra indicate.<\/p>\n<p style=\"text-align: justify;\">Il Titolare rende noto, inoltre, che l\u2019eventuale non comunicazione, o comunicazione errata, di una delle informazioni obbligatorie, pu\u00f2 causare l\u2019impossibilit\u00e0 del Titolare di garantire la congruit\u00e0 del trattamento stesso.<\/p>\n<h3 style=\"text-align: justify;\"><strong>Modalit\u00e0 del trattamento<\/strong><\/h3>\n<p style=\"text-align: justify;\">I Suoi dati personali potranno essere trattati nei seguenti modi:<\/p>\n<ul style=\"text-align: justify;\">\n<li>A mezzo calcolatori elettronici con utilizzo di sistemi software gestiti da Terzi<\/li>\n<li>A mezzo calcolatori elettronici con utilizzo di sistemi software gestiti o programmati direttamente<\/li>\n<li>Trattamento temporaneo in Forma Anonima<\/li>\n<\/ul>\n<p style=\"text-align: justify;\">Ogni trattamento avviene nel rispetto delle modalit\u00e0 di cui agli artt. 6, 32 del GDPR e mediante l\u2019adozione delle adeguate misure di sicurezza previste.<\/p>\n<h3 style=\"text-align: justify;\"><strong>Comunicazione<\/strong><\/h3>\n<p style=\"text-align: justify;\">I Suoi dati saranno comunicati solamente a soggetti competenti e debitamente nominati per l\u2019espletamento dei servizi necessari ad una corretta gestione del rapporto, con garanzia di tutela dei diritti dell\u2019interessato.<br \/>I suoi dati saranno trattati unicamente da personale espressamente autorizzato dal Titolare ed, in particolare, dalle seguenti categorie di addetti:<\/p>\n<ul style=\"text-align: justify;\">\n<li>addetti commerciali<\/li>\n<li>webmaster<\/li>\n<\/ul>\n<h3 style=\"text-align: justify;\"><strong>Diffusione<\/strong><\/h3>\n<p style=\"text-align: justify;\">I suoi dati personali non verranno diffusi in alcun modo.<\/p>\n<h3 style=\"text-align: justify;\"><strong>Periodo di Conservazione<\/strong><\/h3>\n<p style=\"text-align: justify;\">Le segnaliamo che, nel rispetto dei principi di liceit\u00e0, limitazione delle finalit\u00e0 e minimizzazione dei dati, ai sensi dell\u2019art. 5 del GDPR, il periodo di conservazione dei Suoi dati personali \u00e8:<\/p>\n<ul style=\"text-align: justify;\">\n<li>stabilito per un arco di tempo non superiore al conseguimento delle finalit\u00e0 per le quali sono raccolti e trattati per l\u2019esecuzione e l\u2019espletamento delle finalit\u00e0 contrattuali<\/li>\n<li>stabilito per un arco di tempo non superiore all\u2019espletamento dei servizi erogati<\/li>\n<\/ul>\n<h3 style=\"text-align: justify;\"><strong>Cookies e loro gestione<\/strong><\/h3>\n<p style=\"text-align: justify;\">Qualora Lei abbia dubbi o preoccupazioni in merito all\u2019utilizzo dei cookie, \u00e8 sempre possibile intervenire per impedirne l\u2019impostazione e la lettura, ad esempio modificando le impostazioni sulla privacy all\u2019interno del Suo browser al fine di bloccarne determinati tipi.<br \/>Poich\u00e9 ciascun browser, ed anche stesse versioni di browser, differiscono anche sensibilmente le une dalle altre se preferisce agire autonomamente mediante le preferenze del Suo browser pu\u00f2 trovare informazioni dettagliate sulla procedura necessaria nella guida del Suo browser.<\/p>\n<p style=\"text-align: justify;\">Per una panoramica delle modalit\u00e0 di azione per i browser pi\u00f9 comuni, pu\u00f2 visitare l\u2019indirizzo\u00a0<a href=\"http:\/\/www.cookiepedia.co.uk\/\">www.cookiepedia.co.uk<\/a>.<\/p>\n<p style=\"text-align: justify;\">Le societ\u00e0 pubblicitarie consentono inoltre di rinunciare alla ricezione di annunci mirati, se lo si desidera. Questo non impedisce l\u2019impostazione dei cookie, ma interrompe l\u2019utilizzo e la raccolta di alcuni dati da parte di tali societ\u00e0.<\/p>\n<p style=\"text-align: justify;\">Per maggiori informazioni e possibilit\u00e0 di rinuncia, visitare l\u2019indirizzo\u00a0<a href=\"http:\/\/www.youronlinechoices.eu\/\">www.youronlinechoices.eu<\/a>.<\/p>\n<h3 style=\"text-align: justify;\">Titolare del trattamento dei dati<\/h3>\n<p style=\"text-align: justify;\">il Titolare del trattamento dei dati, ai sensi della Legge, \u00e8 Gubitosa Pierfranco (Calle Cienfuegos,1 \u2013 35109 El Tablero -Las Palmas (ES) ; e-mail: info@gubitosapierfranco.it; telefono: +39 347-9715833; N.I.F.: ES Y6392888Y).<br \/>Lei ha diritto di ottenere dal titolare la cancellazione (diritto all\u2019oblio), la limitazione, l\u2019aggiornamento, la rettificazione, la portabilit\u00e0, l\u2019opposizione al trattamento dei dati personali che La riguardano, nonch\u00e9 in generale pu\u00f2 esercitare tutti i diritti previsti dagli artt. 15, 16, 17, 18, 19, 20, 21, 22 del GDPR.<\/p>\n<h3 style=\"text-align: justify;\">Reg.to UE 2016\/679: Artt. 15, 16, 17, 18, 19, 20, 21, 22 \u2013 Diritti dell\u2019Interessato<\/h3>\n<ol>\n<li style=\"text-align: justify;\">L\u2019interessato ha diritto di ottenere la conferma dell\u2019esistenza o meno di dati personali che lo riguardano, anche se non ancora registrati, e la loro comunicazione in forma intelligibile.<\/li>\n<li style=\"text-align: justify;\">L\u2019interessato ha diritto di ottenere l\u2019indicazione :\n<ul>\n<li>dell\u2019origine dei dati personali;<\/li>\n<li>delle finalit\u00e0 e modalit\u00e0 del trattamento;<\/li>\n<li>della logica applicata in caso di trattamento effettuato con l\u2019ausilio di strumenti elettronici;<\/li>\n<li>degli estremi identificativi del titolare, dei responsabili e del rappresentante designato ai sensi dell\u2019articolo 5, comma 2;<\/li>\n<li>dei soggetti o delle categorie di soggetti ai quali i dati personali possono essere comunicati o che possono venirne a conoscenza in qualit\u00e0 di rappresentante designato nel territorio dello Stato, di responsabili o incaricati<\/li>\n<\/ul>\n<\/li>\n<li style=\"text-align: justify;\">L\u2019interessato ha diritto di ottenere:\n<ul>\n<li>l\u2019aggiornamento, la rettificazione ovvero, quando vi ha interesse, l\u2019integrazione dei dati;<\/li>\n<li>la cancellazione, la trasformazione in forma anonima o il blocco dei dati trattati in violazione di legge, compresi quelli di cui non \u00e8 necessaria la conservazione in relazione agli scopi per i quali i dati sono stati raccolti o successivamente trattati;<\/li>\n<li>l\u2019attestazione che le operazioni di cui alle lettere a) e b) sono state portate a conoscenza, anche per quanto riguarda il loro contenuto, di coloro ai quali i dati sono stati comunicati o diffusi, eccettuato il caso in cui tale adempimento si rivela impossibile o comporta un impiego di mezzimanifestamente sproporzionato rispetto al diritto tutelato;<\/li>\n<li>la portabilit\u00e0 dei dati.<\/li>\n<\/ul>\n<\/li>\n<li>L\u2019interessato ha diritto di opporsi, in tutto o in parte:\n<ul>\n<li style=\"text-align: justify;\">per motivi legittimi al trattamento dei dati personali che lo riguardano, ancorch\u00e9 pertinenti allo scopo della raccolta;<\/li>\n<li style=\"text-align: justify;\">al trattamento di dati personali che lo riguardano a fini di invio di materiale pubblicitario o di vendita diretta o per il compimento di ricerche di mercato o di comunicazione commerciale.<\/li>\n<\/ul>\n<\/li>\n<\/ol>\n","protected":false},"excerpt":{"rendered":"<p>Informativa sul trattamento dei dati personali ex artt. 13-14 Reg.to UE 2016\/679 A chi si rivolge questo documento : Navigatori<span class=\"excerpt-hellip\"> [\u2026]<\/span><\/p>\n","protected":false},"author":1,"featured_media":0,"parent":0,"menu_order":0,"comment_status":"open","ping_status":"open","template":"","meta":{"footnotes":""},"class_list":["post-3","page","type-page","status-publish","hentry"],"jetpack-related-posts":[],"jetpack_sharing_enabled":true,"_links":{"self":[{"href":"https:\/\/studiolegale360.com\/torino\/wp-json\/wp\/v2\/pages\/3","targetHints":{"allow":["GET"]}}],"collection":[{"href":"https:\/\/studiolegale360.com\/torino\/wp-json\/wp\/v2\/pages"}],"about":[{"href":"https:\/\/studiolegale360.com\/torino\/wp-json\/wp\/v2\/types\/page"}],"author":[{"embeddable":true,"href":"https:\/\/studiolegale360.com\/torino\/wp-json\/wp\/v2\/users\/1"}],"replies":[{"embeddable":true,"href":"https:\/\/studiolegale360.com\/torino\/wp-json\/wp\/v2\/comments?post=3"}],"version-history":[{"count":1,"href":"https:\/\/studiolegale360.com\/torino\/wp-json\/wp\/v2\/pages\/3\/revisions"}],"predecessor-version":[{"id":115,"href":"https:\/\/studiolegale360.com\/torino\/wp-json\/wp\/v2\/pages\/3\/revisions\/115"}],"wp:attachment":[{"href":"https:\/\/studiolegale360.com\/torino\/wp-json\/wp\/v2\/media?parent=3"}],"curies":[{"name":"wp","href":"https:\/\/api.w.org\/{rel}","templated":true}]}}